{"id":3632,"date":"2019-12-13T08:58:05","date_gmt":"2019-12-13T11:58:05","guid":{"rendered":"https:\/\/vind-ag.com.br\/quienes-somos-y-por-que\/"},"modified":"2022-10-06T21:11:24","modified_gmt":"2022-10-07T00:11:24","slug":"quienes-somos-y-por-que","status":"publish","type":"page","link":"https:\/\/vind-ag.com.br\/es\/quienes-somos-y-por-que\/","title":{"rendered":"QUI\u00c9NES SOMOS (\u00bfY POR QU\u00c9?)"},"content":{"rendered":"\t\t<div data-elementor-type=\"wp-page\" data-elementor-id=\"3632\" class=\"elementor elementor-3632\">\n\t\t\t\t\t\t<div class=\"elementor-inner\">\n\t\t\t\t<div class=\"elementor-section-wrap\">\n\t\t\t\t\t\t\t\t\t<section class=\"elementor-section elementor-top-section elementor-element elementor-element-64aba6f elementor-section-height-min-height elementor-section-boxed elementor-section-height-default elementor-section-items-middle\" data-id=\"64aba6f\" data-element_type=\"section\" data-settings=\"{&quot;background_background&quot;:&quot;classic&quot;}\">\n\t\t\t\t\t\t<div class=\"elementor-container elementor-column-gap-default\">\n\t\t\t\t\t\t\t<div class=\"elementor-row\">\n\t\t\t\t\t<div class=\"elementor-column elementor-col-100 elementor-top-column elementor-element elementor-element-3b43a46\" data-id=\"3b43a46\" data-element_type=\"column\">\n\t\t\t<div class=\"elementor-column-wrap elementor-element-populated\">\n\t\t\t\t\t\t\t<div class=\"elementor-widget-wrap\">\n\t\t\t\t\t\t<div class=\"elementor-element elementor-element-0789c7b elementor-widget elementor-widget-heading\" data-id=\"0789c7b\" data-element_type=\"widget\" data-widget_type=\"heading.default\">\n\t\t\t\t<div class=\"elementor-widget-container\">\n\t\t\t<style>\/*! elementor - v3.10.2 - 29-01-2023 *\/\n.elementor-heading-title{padding:0;margin:0;line-height:1}.elementor-widget-heading .elementor-heading-title[class*=elementor-size-]>a{color:inherit;font-size:inherit;line-height:inherit}.elementor-widget-heading .elementor-heading-title.elementor-size-small{font-size:15px}.elementor-widget-heading .elementor-heading-title.elementor-size-medium{font-size:19px}.elementor-widget-heading .elementor-heading-title.elementor-size-large{font-size:29px}.elementor-widget-heading .elementor-heading-title.elementor-size-xl{font-size:39px}.elementor-widget-heading .elementor-heading-title.elementor-size-xxl{font-size:59px}<\/style><h1 class=\"elementor-heading-title elementor-size-default\">QUI\u00c9NES SOMOS (\u00bfY POR QU\u00c9?)<\/h1>\t\t<\/div>\n\t\t\t\t<\/div>\n\t\t\t\t\t\t<\/div>\n\t\t\t\t\t<\/div>\n\t\t<\/div>\n\t\t\t\t\t\t\t\t<\/div>\n\t\t\t\t\t<\/div>\n\t\t<\/section>\n\t\t\t\t<section class=\"elementor-section elementor-top-section elementor-element elementor-element-6747863 elementor-section-boxed elementor-section-height-default elementor-section-height-default\" data-id=\"6747863\" data-element_type=\"section\" data-settings=\"{&quot;background_background&quot;:&quot;classic&quot;}\">\n\t\t\t\t\t\t<div class=\"elementor-container elementor-column-gap-default\">\n\t\t\t\t\t\t\t<div class=\"elementor-row\">\n\t\t\t\t\t<div class=\"elementor-column elementor-col-50 elementor-top-column elementor-element elementor-element-80c4230\" data-id=\"80c4230\" data-element_type=\"column\">\n\t\t\t<div class=\"elementor-column-wrap elementor-element-populated\">\n\t\t\t\t\t\t\t<div class=\"elementor-widget-wrap\">\n\t\t\t\t\t\t<div class=\"elementor-element elementor-element-2493898 elementor-widget elementor-widget-heading\" data-id=\"2493898\" data-element_type=\"widget\" data-widget_type=\"heading.default\">\n\t\t\t\t<div class=\"elementor-widget-container\">\n\t\t\t<h2 class=\"elementor-heading-title elementor-size-default\">Somos una startup\ntecnol\u00f3gica con una estructura \njoven y una trayectoria profesional senior.<\/h2>\t\t<\/div>\n\t\t\t\t<\/div>\n\t\t\t\t<div class=\"elementor-element elementor-element-5c410b5 elementor-widget elementor-widget-text-editor\" data-id=\"5c410b5\" data-element_type=\"widget\" data-widget_type=\"text-editor.default\">\n\t\t\t\t<div class=\"elementor-widget-container\">\n\t\t\t<style>\/*! elementor - v3.10.2 - 29-01-2023 *\/\n.elementor-widget-text-editor.elementor-drop-cap-view-stacked .elementor-drop-cap{background-color:#818a91;color:#fff}.elementor-widget-text-editor.elementor-drop-cap-view-framed .elementor-drop-cap{color:#818a91;border:3px solid;background-color:transparent}.elementor-widget-text-editor:not(.elementor-drop-cap-view-default) .elementor-drop-cap{margin-top:8px}.elementor-widget-text-editor:not(.elementor-drop-cap-view-default) .elementor-drop-cap-letter{width:1em;height:1em}.elementor-widget-text-editor .elementor-drop-cap{float:left;text-align:center;line-height:1;font-size:50px}.elementor-widget-text-editor .elementor-drop-cap-letter{display:inline-block}<\/style>\t\t\t\t\t<div class=\"elementor-text-editor elementor-clearfix\">\n\t\t\t\t<p>Actuamos en asociaci\u00f3n con centros de investigaci\u00f3n de renombradas universidades de Brasil en el desarrollo de soluciones de generaci\u00f3n de energ\u00eda limpia que puedan contribuir a la diversificaci\u00f3n de la matriz energ\u00e9tica y reducir los riesgos de desabastecimiento.<\/p><p>Nacimos en el interior del estado de S\u00e3o Paulo, de la materializaci\u00f3n del sue\u00f1o de un hombre que pronto se convirti\u00f3 en el sue\u00f1o de un grupo. El dise\u00f1o de un proyecto que se materializa en el desarrollo de un producto. De una soluci\u00f3n concebida para la agroindustria que se demostr\u00f3 viable para todos los segmentos, privados y p\u00fablicos, de la econom\u00eda.<\/p><p>Somos innovaci\u00f3n, 100% brasile\u00f1a, generando sostenibilidad financiera y medioambiental de alto valor a\u00f1adido para nuestro ecosistema.<\/p>\t\t\t\t\t<\/div>\n\t\t\t\t\t\t<\/div>\n\t\t\t\t<\/div>\n\t\t\t\t\t\t<\/div>\n\t\t\t\t\t<\/div>\n\t\t<\/div>\n\t\t\t\t<div class=\"elementor-column elementor-col-50 elementor-top-column elementor-element elementor-element-25677d8\" data-id=\"25677d8\" data-element_type=\"column\">\n\t\t\t<div class=\"elementor-column-wrap elementor-element-populated\">\n\t\t\t\t\t\t\t<div class=\"elementor-widget-wrap\">\n\t\t\t\t\t\t<div class=\"elementor-element elementor-element-c135f20 elementor-widget elementor-widget-image\" data-id=\"c135f20\" data-element_type=\"widget\" data-widget_type=\"image.default\">\n\t\t\t\t<div class=\"elementor-widget-container\">\n\t\t\t<style>\/*! elementor - v3.10.2 - 29-01-2023 *\/\n.elementor-widget-image{text-align:center}.elementor-widget-image a{display:inline-block}.elementor-widget-image a img[src$=\".svg\"]{width:48px}.elementor-widget-image img{vertical-align:middle;display:inline-block}<\/style>\t\t\t\t\t<div class=\"elementor-image\">\n\t\t\t\t\t\t\t\t\t\t\t\t<img loading=\"lazy\" decoding=\"async\" width=\"322\" height=\"322\" src=\"https:\/\/vind-ag.com.br\/wp-content\/uploads\/2022\/02\/zac-durant-_6HzPU9Hyfg-unsplash.png\" class=\"attachment-large size-large wp-image-2046\" alt=\"\" srcset=\"https:\/\/vind-ag.com.br\/wp-content\/uploads\/2022\/02\/zac-durant-_6HzPU9Hyfg-unsplash.png 322w, https:\/\/vind-ag.com.br\/wp-content\/uploads\/2022\/02\/zac-durant-_6HzPU9Hyfg-unsplash-300x300.png 300w, https:\/\/vind-ag.com.br\/wp-content\/uploads\/2022\/02\/zac-durant-_6HzPU9Hyfg-unsplash-150x150.png 150w, https:\/\/vind-ag.com.br\/wp-content\/uploads\/2022\/02\/zac-durant-_6HzPU9Hyfg-unsplash-180x180.png 180w, https:\/\/vind-ag.com.br\/wp-content\/uploads\/2022\/02\/zac-durant-_6HzPU9Hyfg-unsplash-120x120.png 120w\" sizes=\"auto, (max-width: 322px) 100vw, 322px\" \/>\t\t\t\t\t\t\t\t\t\t\t\t\t\t<\/div>\n\t\t\t\t\t\t<\/div>\n\t\t\t\t<\/div>\n\t\t\t\t<div class=\"elementor-element elementor-element-da1b207 elementor-absolute elementor-widget elementor-widget-image\" data-id=\"da1b207\" data-element_type=\"widget\" data-settings=\"{&quot;_position&quot;:&quot;absolute&quot;}\" data-widget_type=\"image.default\">\n\t\t\t\t<div class=\"elementor-widget-container\">\n\t\t\t\t\t\t\t\t<div class=\"elementor-image\">\n\t\t\t\t\t\t\t\t\t\t\t\t<img loading=\"lazy\" decoding=\"async\" width=\"322\" height=\"322\" src=\"https:\/\/vind-ag.com.br\/wp-content\/uploads\/2022\/02\/sander-weeteling-iGDg_f_mlWo-unsplash.png\" class=\"attachment-large size-large wp-image-2045\" alt=\"\" srcset=\"https:\/\/vind-ag.com.br\/wp-content\/uploads\/2022\/02\/sander-weeteling-iGDg_f_mlWo-unsplash.png 322w, https:\/\/vind-ag.com.br\/wp-content\/uploads\/2022\/02\/sander-weeteling-iGDg_f_mlWo-unsplash-300x300.png 300w, https:\/\/vind-ag.com.br\/wp-content\/uploads\/2022\/02\/sander-weeteling-iGDg_f_mlWo-unsplash-150x150.png 150w, https:\/\/vind-ag.com.br\/wp-content\/uploads\/2022\/02\/sander-weeteling-iGDg_f_mlWo-unsplash-180x180.png 180w, https:\/\/vind-ag.com.br\/wp-content\/uploads\/2022\/02\/sander-weeteling-iGDg_f_mlWo-unsplash-120x120.png 120w\" sizes=\"auto, (max-width: 322px) 100vw, 322px\" \/>\t\t\t\t\t\t\t\t\t\t\t\t\t\t<\/div>\n\t\t\t\t\t\t<\/div>\n\t\t\t\t<\/div>\n\t\t\t\t\t\t<\/div>\n\t\t\t\t\t<\/div>\n\t\t<\/div>\n\t\t\t\t\t\t\t\t<\/div>\n\t\t\t\t\t<\/div>\n\t\t<\/section>\n\t\t\t\t<section class=\"elementor-section elementor-top-section elementor-element elementor-element-724e668 elementor-section-boxed elementor-section-height-default elementor-section-height-default\" data-id=\"724e668\" data-element_type=\"section\" id=\"trajetoria\" data-settings=\"{&quot;background_background&quot;:&quot;classic&quot;}\">\n\t\t\t\t\t\t<div class=\"elementor-container elementor-column-gap-default\">\n\t\t\t\t\t\t\t<div class=\"elementor-row\">\n\t\t\t\t\t<div class=\"elementor-column elementor-col-100 elementor-top-column elementor-element elementor-element-937ae34\" data-id=\"937ae34\" data-element_type=\"column\">\n\t\t\t<div class=\"elementor-column-wrap elementor-element-populated\">\n\t\t\t\t\t\t\t<div class=\"elementor-widget-wrap\">\n\t\t\t\t\t\t<div class=\"elementor-element elementor-element-39a37bf elementor-widget elementor-widget-heading\" data-id=\"39a37bf\" data-element_type=\"widget\" data-widget_type=\"heading.default\">\n\t\t\t\t<div class=\"elementor-widget-container\">\n\t\t\t<h3 class=\"elementor-heading-title elementor-size-default\">Nuestra historia<\/h3>\t\t<\/div>\n\t\t\t\t<\/div>\n\t\t\t\t<div class=\"elementor-element elementor-element-969dbdd elementor-widget elementor-widget-wgl-time-line-vertical\" data-id=\"969dbdd\" data-element_type=\"widget\" data-widget_type=\"wgl-time-line-vertical.default\">\n\t\t\t\t<div class=\"elementor-widget-container\">\n\t\t\t        <div class=\"wgl-timeline-vertical appear_anim\">\r\n\r\n\r\n        <div class=\"time_line-items_wrap\">            <div class=\"time_line-item\">\r\n                <div class=\"time_line-cont\"><\/div>\r\n                <div class=\"time_line-date_wrap\">\r\n                    <div class=\"time_line-date_curve\"><\/div>\r\n                    <div class=\"time_line-date\"><span>2000<\/span><\/div>\r\n                    <div class=\"time_line-date_curve\"><\/div>\r\n                <\/div>\r\n                <div class=\"time_line-cont\">\r\n                    <div class=\"time_line-content\" style=\"background-image: url(https:\/\/vind-ag.com.br\/wp-content\/uploads\/2019\/12\/history_02-1.png); background-position: bottom right; background-size: auto; background-repeat: no-repeat;\">                                <div class=\"time_line-text\"><p><strong>Todo empez\u00f3 con las apasionantes ideas de Egberto Neves<\/strong>, un ingeniero mec\u00e1nico apasionado por las energ\u00edas limpias y sostenibles, que a mediados de la d\u00e9cada de 2000 decidi\u00f3 sumergirse en la creaci\u00f3n de un aerogenerador que, en principio, servir\u00eda al sector agroalimentario.<\/p><\/div>                    <\/div>\r\n                <\/div>\r\n            <\/div>            <div class=\"time_line-item\">\r\n                <div class=\"time_line-cont\"><\/div>\r\n                <div class=\"time_line-date_wrap\">\r\n                    <div class=\"time_line-date_curve\"><\/div>\r\n                    <div class=\"time_line-date\"><span>2017<\/span><\/div>\r\n                    <div class=\"time_line-date_curve\"><\/div>\r\n                <\/div>\r\n                <div class=\"time_line-cont\">\r\n                    <div class=\"time_line-content\" style=\"   \">                                <div class=\"time_line-text\"><p>Entre finales de 2017 y principios de 2018<strong> el proyecto fue ganando nuevos adeptos<\/strong>, m\u00e1s concretamente de dos ingenieros y un abogado, todos ellos impactados y totalmente seducidos por su idea y su ideal.<\/p><\/div>                    <\/div>\r\n                <\/div>\r\n            <\/div>            <div class=\"time_line-item\">\r\n                <div class=\"time_line-cont\"><\/div>\r\n                <div class=\"time_line-date_wrap\">\r\n                    <div class=\"time_line-date_curve\"><\/div>\r\n                    <div class=\"time_line-date\"><span>2018<\/span><\/div>\r\n                    <div class=\"time_line-date_curve\"><\/div>\r\n                <\/div>\r\n                <div class=\"time_line-cont\">\r\n                    <div class=\"time_line-content\" style=\"   \">                                <h3 class=\"time_line-title\">Primer semestre<\/h3>                                <div class=\"time_line-text\"><p><\/p><p>Con la asociaci\u00f3n configurada, el grupo fue en busca de su implementaci\u00f3n, comenzando con el <strong>estudio de la marca, el proceso de producci\u00f3n, la viabilidad econ\u00f3mica y el mercado<\/strong>, entre otros. Fue el comienzo de la implantaci\u00f3n de los Aerogeneradores Vind.<\/p><\/div>                    <\/div>\r\n                <\/div>\r\n            <\/div>            <div class=\"time_line-item\">\r\n                <div class=\"time_line-cont\"><\/div>\r\n                <div class=\"time_line-date_wrap\">\r\n                    <div class=\"time_line-date_curve\"><\/div>\r\n                    <div class=\"time_line-date\"><span>2018<\/span><\/div>\r\n                    <div class=\"time_line-date_curve\"><\/div>\r\n                <\/div>\r\n                <div class=\"time_line-cont\">\r\n                    <div class=\"time_line-content\" style=\"   \">                                <h3 class=\"time_line-title\">Segundo semestre<\/h3>                                <div class=\"time_line-text\"><p>  <\/p><p><strong>Se produce el prototipo de la turbina TE24<\/strong>, con el apoyo de tres referencias en investigaci\u00f3n y desarrollo acad\u00e9mico, <strong>UNESP, ITA y<\/strong> <strong>UFMG<\/strong> y sus laboratorios, cuanto al dimensionamiento, y pruebas de viabilidad.<\/p><\/div>                    <\/div>\r\n                <\/div>\r\n            <\/div>            <div class=\"time_line-item\">\r\n                <div class=\"time_line-cont\"><\/div>\r\n                <div class=\"time_line-date_wrap\">\r\n                    <div class=\"time_line-date_curve\"><\/div>\r\n                    <div class=\"time_line-date\"><span>2019<\/span><\/div>\r\n                    <div class=\"time_line-date_curve\"><\/div>\r\n                <\/div>\r\n                <div class=\"time_line-cont\">\r\n                    <div class=\"time_line-content\" style=\"   \">                                <div class=\"time_line-text\"><p><span style=\"font-weight: 400\">La primera turbina se instala en Franca, Brasil.<\/span><\/p><\/div>                    <\/div>\r\n                <\/div>\r\n            <\/div>            <div class=\"time_line-item\">\r\n                <div class=\"time_line-cont\"><\/div>\r\n                <div class=\"time_line-date_wrap\">\r\n                    <div class=\"time_line-date_curve\"><\/div>\r\n                    <div class=\"time_line-date\"><span>2022<\/span><\/div>\r\n                    <div class=\"time_line-date_curve\"><\/div>\r\n                <\/div>\r\n                <div class=\"time_line-cont\">\r\n                    <div class=\"time_line-content\" style=\"   \">                                <div class=\"time_line-text\"><p><span style=\"font-weight: 400\">Se ha iniciado el proceso de desarrollo de una turbina de 250 kW.<\/span><\/p><\/div>                    <\/div>\r\n                <\/div>\r\n            <\/div>        <\/div>\r\n        <\/div>\t\t<\/div>\n\t\t\t\t<\/div>\n\t\t\t\t\t\t<\/div>\n\t\t\t\t\t<\/div>\n\t\t<\/div>\n\t\t\t\t\t\t\t\t<\/div>\n\t\t\t\t\t<\/div>\n\t\t<\/section>\n\t\t\t\t\t\t\t\t\t<\/div>\n\t\t\t<\/div>\n\t\t\t\t\t<\/div>\n\t\t","protected":false},"excerpt":{"rendered":"<p>QUI\u00c9NES SOMOS (\u00bfY POR QU\u00c9?) Somos una startup tecnol\u00f3gica con una estructura joven y una trayectoria profesional senior. Actuamos en asociaci\u00f3n con centros de investigaci\u00f3n de renombradas universidades de Brasil en el desarrollo de soluciones de generaci\u00f3n de energ\u00eda limpia que puedan contribuir a la diversificaci\u00f3n de la matriz energ\u00e9tica y reducir los riesgos de [&hellip;]<\/p>\n","protected":false},"author":1,"featured_media":0,"parent":0,"menu_order":0,"comment_status":"closed","ping_status":"closed","template":"","meta":{"footnotes":""},"class_list":["post-3632","page","type-page","status-publish","hentry"],"yoast_head":"<!-- This site is optimized with the Yoast SEO plugin v20.1 - https:\/\/yoast.com\/wordpress\/plugins\/seo\/ -->\n<title>QUI\u00c9NES SOMOS (\u00bfY POR QU\u00c9?) - Vind<\/title>\n<meta name=\"robots\" content=\"index, follow, max-snippet:-1, max-image-preview:large, max-video-preview:-1\" \/>\n<link rel=\"canonical\" href=\"https:\/\/vind-ag.com.br\/es\/quienes-somos-y-por-que\/\" \/>\n<meta property=\"og:locale\" content=\"es_ES\" \/>\n<meta property=\"og:type\" content=\"article\" \/>\n<meta property=\"og:title\" content=\"QUI\u00c9NES SOMOS (\u00bfY POR QU\u00c9?) - Vind\" \/>\n<meta property=\"og:description\" content=\"QUI\u00c9NES SOMOS (\u00bfY POR QU\u00c9?) Somos una startup tecnol\u00f3gica con una estructura joven y una trayectoria profesional senior. Actuamos en asociaci\u00f3n con centros de investigaci\u00f3n de renombradas universidades de Brasil en el desarrollo de soluciones de generaci\u00f3n de energ\u00eda limpia que puedan contribuir a la diversificaci\u00f3n de la matriz energ\u00e9tica y reducir los riesgos de [&hellip;]\" \/>\n<meta property=\"og:url\" content=\"https:\/\/vind-ag.com.br\/es\/quienes-somos-y-por-que\/\" \/>\n<meta property=\"og:site_name\" content=\"Vind\" \/>\n<meta property=\"article:modified_time\" content=\"2022-10-07T00:11:24+00:00\" \/>\n<meta property=\"og:image\" content=\"https:\/\/vind-ag.com.br\/wp-content\/uploads\/2022\/02\/zac-durant-_6HzPU9Hyfg-unsplash.png\" \/>\n<meta name=\"twitter:card\" content=\"summary_large_image\" \/>\n<meta name=\"twitter:label1\" content=\"Tiempo de lectura\" \/>\n\t<meta name=\"twitter:data1\" content=\"2 minutos\" \/>\n<script type=\"application\/ld+json\" class=\"yoast-schema-graph\">{\"@context\":\"https:\/\/schema.org\",\"@graph\":[{\"@type\":\"WebPage\",\"@id\":\"https:\/\/vind-ag.com.br\/es\/quienes-somos-y-por-que\/\",\"url\":\"https:\/\/vind-ag.com.br\/es\/quienes-somos-y-por-que\/\",\"name\":\"QUI\u00c9NES SOMOS (\u00bfY POR QU\u00c9?) - Vind\",\"isPartOf\":{\"@id\":\"https:\/\/vind-ag.com.br\/#website\"},\"datePublished\":\"2019-12-13T11:58:05+00:00\",\"dateModified\":\"2022-10-07T00:11:24+00:00\",\"breadcrumb\":{\"@id\":\"https:\/\/vind-ag.com.br\/es\/quienes-somos-y-por-que\/#breadcrumb\"},\"inLanguage\":\"es\",\"potentialAction\":[{\"@type\":\"ReadAction\",\"target\":[\"https:\/\/vind-ag.com.br\/es\/quienes-somos-y-por-que\/\"]}]},{\"@type\":\"BreadcrumbList\",\"@id\":\"https:\/\/vind-ag.com.br\/es\/quienes-somos-y-por-que\/#breadcrumb\",\"itemListElement\":[{\"@type\":\"ListItem\",\"position\":1,\"name\":\"In\u00edcio\",\"item\":\"https:\/\/vind-ag.com.br\/es\/\"},{\"@type\":\"ListItem\",\"position\":2,\"name\":\"QUI\u00c9NES SOMOS (\u00bfY POR QU\u00c9?)\"}]},{\"@type\":\"WebSite\",\"@id\":\"https:\/\/vind-ag.com.br\/#website\",\"url\":\"https:\/\/vind-ag.com.br\/\",\"name\":\"Vind\",\"description\":\"Energia limpa com tecnologia de avi\u00e3o\",\"publisher\":{\"@id\":\"https:\/\/vind-ag.com.br\/#organization\"},\"potentialAction\":[{\"@type\":\"SearchAction\",\"target\":{\"@type\":\"EntryPoint\",\"urlTemplate\":\"https:\/\/vind-ag.com.br\/?s={search_term_string}\"},\"query-input\":\"required name=search_term_string\"}],\"inLanguage\":\"es\"},{\"@type\":\"Organization\",\"@id\":\"https:\/\/vind-ag.com.br\/#organization\",\"name\":\"Vind\",\"url\":\"https:\/\/vind-ag.com.br\/\",\"logo\":{\"@type\":\"ImageObject\",\"inLanguage\":\"es\",\"@id\":\"https:\/\/vind-ag.com.br\/#\/schema\/logo\/image\/\",\"url\":\"https:\/\/vind-ag.com.br\/wp-content\/uploads\/2022\/02\/logo.png\",\"contentUrl\":\"https:\/\/vind-ag.com.br\/wp-content\/uploads\/2022\/02\/logo.png\",\"width\":101,\"height\":66,\"caption\":\"Vind\"},\"image\":{\"@id\":\"https:\/\/vind-ag.com.br\/#\/schema\/logo\/image\/\"}}]}<\/script>\n<!-- \/ Yoast SEO plugin. -->","yoast_head_json":{"title":"QUI\u00c9NES SOMOS (\u00bfY POR QU\u00c9?) - Vind","robots":{"index":"index","follow":"follow","max-snippet":"max-snippet:-1","max-image-preview":"max-image-preview:large","max-video-preview":"max-video-preview:-1"},"canonical":"https:\/\/vind-ag.com.br\/es\/quienes-somos-y-por-que\/","og_locale":"es_ES","og_type":"article","og_title":"QUI\u00c9NES SOMOS (\u00bfY POR QU\u00c9?) - Vind","og_description":"QUI\u00c9NES SOMOS (\u00bfY POR QU\u00c9?) Somos una startup tecnol\u00f3gica con una estructura joven y una trayectoria profesional senior. Actuamos en asociaci\u00f3n con centros de investigaci\u00f3n de renombradas universidades de Brasil en el desarrollo de soluciones de generaci\u00f3n de energ\u00eda limpia que puedan contribuir a la diversificaci\u00f3n de la matriz energ\u00e9tica y reducir los riesgos de [&hellip;]","og_url":"https:\/\/vind-ag.com.br\/es\/quienes-somos-y-por-que\/","og_site_name":"Vind","article_modified_time":"2022-10-07T00:11:24+00:00","og_image":[{"url":"https:\/\/vind-ag.com.br\/wp-content\/uploads\/2022\/02\/zac-durant-_6HzPU9Hyfg-unsplash.png"}],"twitter_card":"summary_large_image","twitter_misc":{"Tiempo de lectura":"2 minutos"},"schema":{"@context":"https:\/\/schema.org","@graph":[{"@type":"WebPage","@id":"https:\/\/vind-ag.com.br\/es\/quienes-somos-y-por-que\/","url":"https:\/\/vind-ag.com.br\/es\/quienes-somos-y-por-que\/","name":"QUI\u00c9NES SOMOS (\u00bfY POR QU\u00c9?) - Vind","isPartOf":{"@id":"https:\/\/vind-ag.com.br\/#website"},"datePublished":"2019-12-13T11:58:05+00:00","dateModified":"2022-10-07T00:11:24+00:00","breadcrumb":{"@id":"https:\/\/vind-ag.com.br\/es\/quienes-somos-y-por-que\/#breadcrumb"},"inLanguage":"es","potentialAction":[{"@type":"ReadAction","target":["https:\/\/vind-ag.com.br\/es\/quienes-somos-y-por-que\/"]}]},{"@type":"BreadcrumbList","@id":"https:\/\/vind-ag.com.br\/es\/quienes-somos-y-por-que\/#breadcrumb","itemListElement":[{"@type":"ListItem","position":1,"name":"In\u00edcio","item":"https:\/\/vind-ag.com.br\/es\/"},{"@type":"ListItem","position":2,"name":"QUI\u00c9NES SOMOS (\u00bfY POR QU\u00c9?)"}]},{"@type":"WebSite","@id":"https:\/\/vind-ag.com.br\/#website","url":"https:\/\/vind-ag.com.br\/","name":"Vind","description":"Energia limpa com tecnologia de avi\u00e3o","publisher":{"@id":"https:\/\/vind-ag.com.br\/#organization"},"potentialAction":[{"@type":"SearchAction","target":{"@type":"EntryPoint","urlTemplate":"https:\/\/vind-ag.com.br\/?s={search_term_string}"},"query-input":"required name=search_term_string"}],"inLanguage":"es"},{"@type":"Organization","@id":"https:\/\/vind-ag.com.br\/#organization","name":"Vind","url":"https:\/\/vind-ag.com.br\/","logo":{"@type":"ImageObject","inLanguage":"es","@id":"https:\/\/vind-ag.com.br\/#\/schema\/logo\/image\/","url":"https:\/\/vind-ag.com.br\/wp-content\/uploads\/2022\/02\/logo.png","contentUrl":"https:\/\/vind-ag.com.br\/wp-content\/uploads\/2022\/02\/logo.png","width":101,"height":66,"caption":"Vind"},"image":{"@id":"https:\/\/vind-ag.com.br\/#\/schema\/logo\/image\/"}}]}},"_links":{"self":[{"href":"https:\/\/vind-ag.com.br\/es\/wp-json\/wp\/v2\/pages\/3632","targetHints":{"allow":["GET"]}}],"collection":[{"href":"https:\/\/vind-ag.com.br\/es\/wp-json\/wp\/v2\/pages"}],"about":[{"href":"https:\/\/vind-ag.com.br\/es\/wp-json\/wp\/v2\/types\/page"}],"author":[{"embeddable":true,"href":"https:\/\/vind-ag.com.br\/es\/wp-json\/wp\/v2\/users\/1"}],"replies":[{"embeddable":true,"href":"https:\/\/vind-ag.com.br\/es\/wp-json\/wp\/v2\/comments?post=3632"}],"version-history":[{"count":4,"href":"https:\/\/vind-ag.com.br\/es\/wp-json\/wp\/v2\/pages\/3632\/revisions"}],"predecessor-version":[{"id":3650,"href":"https:\/\/vind-ag.com.br\/es\/wp-json\/wp\/v2\/pages\/3632\/revisions\/3650"}],"wp:attachment":[{"href":"https:\/\/vind-ag.com.br\/es\/wp-json\/wp\/v2\/media?parent=3632"}],"curies":[{"name":"wp","href":"https:\/\/api.w.org\/{rel}","templated":true}]}}