{"id":3638,"date":"2022-02-08T14:54:03","date_gmt":"2022-02-08T17:54:03","guid":{"rendered":"https:\/\/vind-ag.com.br\/prensa-en-los-medios\/"},"modified":"2022-10-07T12:52:16","modified_gmt":"2022-10-07T15:52:16","slug":"prensa-en-los-medios","status":"publish","type":"page","link":"https:\/\/vind-ag.com.br\/es\/prensa-en-los-medios\/","title":{"rendered":"Prensa \/ En los Medios"},"content":{"rendered":"\t\t<div data-elementor-type=\"wp-page\" data-elementor-id=\"3638\" class=\"elementor elementor-3638\">\n\t\t\t\t\t\t<div class=\"elementor-inner\">\n\t\t\t\t<div class=\"elementor-section-wrap\">\n\t\t\t\t\t\t\t\t\t<section class=\"elementor-section elementor-top-section elementor-element elementor-element-7f03a888 elementor-section-height-min-height elementor-section-boxed elementor-section-height-default elementor-section-items-middle\" data-id=\"7f03a888\" data-element_type=\"section\" data-settings=\"{&quot;background_background&quot;:&quot;classic&quot;}\">\n\t\t\t\t\t\t<div class=\"elementor-container elementor-column-gap-default\">\n\t\t\t\t\t\t\t<div class=\"elementor-row\">\n\t\t\t\t\t<div class=\"elementor-column elementor-col-100 elementor-top-column elementor-element elementor-element-76ae3de6\" data-id=\"76ae3de6\" data-element_type=\"column\">\n\t\t\t<div class=\"elementor-column-wrap elementor-element-populated\">\n\t\t\t\t\t\t\t<div class=\"elementor-widget-wrap\">\n\t\t\t\t\t\t<div class=\"elementor-element elementor-element-6070053c elementor-widget elementor-widget-heading\" data-id=\"6070053c\" data-element_type=\"widget\" data-widget_type=\"heading.default\">\n\t\t\t\t<div class=\"elementor-widget-container\">\n\t\t\t<style>\/*! elementor - v3.10.2 - 29-01-2023 *\/\n.elementor-heading-title{padding:0;margin:0;line-height:1}.elementor-widget-heading .elementor-heading-title[class*=elementor-size-]>a{color:inherit;font-size:inherit;line-height:inherit}.elementor-widget-heading .elementor-heading-title.elementor-size-small{font-size:15px}.elementor-widget-heading .elementor-heading-title.elementor-size-medium{font-size:19px}.elementor-widget-heading .elementor-heading-title.elementor-size-large{font-size:29px}.elementor-widget-heading .elementor-heading-title.elementor-size-xl{font-size:39px}.elementor-widget-heading .elementor-heading-title.elementor-size-xxl{font-size:59px}<\/style><h1 class=\"elementor-heading-title elementor-size-default\">Prensa \/ En los Medios<\/h1>\t\t<\/div>\n\t\t\t\t<\/div>\n\t\t\t\t\t\t<\/div>\n\t\t\t\t\t<\/div>\n\t\t<\/div>\n\t\t\t\t\t\t\t\t<\/div>\n\t\t\t\t\t<\/div>\n\t\t<\/section>\n\t\t\t\t<section class=\"elementor-section elementor-top-section elementor-element elementor-element-8cd0046 elementor-section-boxed elementor-section-height-default elementor-section-height-default\" data-id=\"8cd0046\" data-element_type=\"section\">\n\t\t\t\t\t\t<div class=\"elementor-container elementor-column-gap-default\">\n\t\t\t\t\t\t\t<div class=\"elementor-row\">\n\t\t\t\t\t<div class=\"elementor-column elementor-col-100 elementor-top-column elementor-element elementor-element-927f233\" data-id=\"927f233\" data-element_type=\"column\">\n\t\t\t<div class=\"elementor-column-wrap elementor-element-populated\">\n\t\t\t\t\t\t\t<div class=\"elementor-widget-wrap\">\n\t\t\t\t\t\t<div class=\"elementor-element elementor-element-1dec6bf elementor-widget elementor-widget-heading\" data-id=\"1dec6bf\" data-element_type=\"widget\" data-widget_type=\"heading.default\">\n\t\t\t\t<div class=\"elementor-widget-container\">\n\t\t\t<h2 class=\"elementor-heading-title elementor-size-default\">En los medios<\/h2>\t\t<\/div>\n\t\t\t\t<\/div>\n\t\t\t\t<div class=\"elementor-element elementor-element-a425b11 elementor-widget elementor-widget-text-editor\" data-id=\"a425b11\" data-element_type=\"widget\" data-widget_type=\"text-editor.default\">\n\t\t\t\t<div class=\"elementor-widget-container\">\n\t\t\t<style>\/*! elementor - v3.10.2 - 29-01-2023 *\/\n.elementor-widget-text-editor.elementor-drop-cap-view-stacked .elementor-drop-cap{background-color:#818a91;color:#fff}.elementor-widget-text-editor.elementor-drop-cap-view-framed .elementor-drop-cap{color:#818a91;border:3px solid;background-color:transparent}.elementor-widget-text-editor:not(.elementor-drop-cap-view-default) .elementor-drop-cap{margin-top:8px}.elementor-widget-text-editor:not(.elementor-drop-cap-view-default) .elementor-drop-cap-letter{width:1em;height:1em}.elementor-widget-text-editor .elementor-drop-cap{float:left;text-align:center;line-height:1;font-size:50px}.elementor-widget-text-editor .elementor-drop-cap-letter{display:inline-block}<\/style>\t\t\t\t\t<div class=\"elementor-text-editor elementor-clearfix\">\n\t\t\t\t<p>Consulte los registros sobre aerogeneradores Vind Wind realizados por la prensa.<\/p>\t\t\t\t\t<\/div>\n\t\t\t\t\t\t<\/div>\n\t\t\t\t<\/div>\n\t\t\t\t\t\t<\/div>\n\t\t\t\t\t<\/div>\n\t\t<\/div>\n\t\t\t\t\t\t\t\t<\/div>\n\t\t\t\t\t<\/div>\n\t\t<\/section>\n\t\t\t\t<section class=\"elementor-section elementor-top-section elementor-element elementor-element-b83e11b elementor-section-boxed elementor-section-height-default elementor-section-height-default\" data-id=\"b83e11b\" data-element_type=\"section\">\n\t\t\t\t\t\t<div class=\"elementor-container elementor-column-gap-default\">\n\t\t\t\t\t\t\t<div class=\"elementor-row\">\n\t\t\t\t\t<div class=\"elementor-column elementor-col-50 elementor-top-column elementor-element elementor-element-9b155b0\" data-id=\"9b155b0\" data-element_type=\"column\">\n\t\t\t<div class=\"elementor-column-wrap elementor-element-populated\">\n\t\t\t\t\t\t\t<div class=\"elementor-widget-wrap\">\n\t\t\t\t\t\t<section class=\"elementor-section elementor-inner-section elementor-element elementor-element-9adf7c3 elementor-section-full_width elementor-section-height-default elementor-section-height-default\" data-id=\"9adf7c3\" data-element_type=\"section\">\n\t\t\t\t\t\t\t<div class=\"elementor-background-overlay\"><\/div>\n\t\t\t\t\t\t\t<div class=\"elementor-container elementor-column-gap-no\">\n\t\t\t\t\t\t\t<div class=\"elementor-row\">\n\t\t\t\t\t<div class=\"elementor-column elementor-col-50 elementor-inner-column elementor-element elementor-element-2157e43\" data-id=\"2157e43\" data-element_type=\"column\">\n\t\t\t<div class=\"elementor-column-wrap elementor-element-populated\">\n\t\t\t\t\t\t\t<div class=\"elementor-widget-wrap\">\n\t\t\t\t\t\t<div class=\"elementor-element elementor-element-e3b2b8a elementor-widget elementor-widget-image\" data-id=\"e3b2b8a\" data-element_type=\"widget\" data-widget_type=\"image.default\">\n\t\t\t\t<div class=\"elementor-widget-container\">\n\t\t\t<style>\/*! elementor - v3.10.2 - 29-01-2023 *\/\n.elementor-widget-image{text-align:center}.elementor-widget-image a{display:inline-block}.elementor-widget-image a img[src$=\".svg\"]{width:48px}.elementor-widget-image img{vertical-align:middle;display:inline-block}<\/style>\t\t\t\t\t<div class=\"elementor-image\">\n\t\t\t\t\t\t\t\t\t\t\t\t\t<a href=\"https:\/\/vind-ag.com.br\/na-midia-midia-impressa-digital\/\">\n\t\t\t\t\t\t\t<img loading=\"lazy\" decoding=\"async\" width=\"276\" height=\"276\" src=\"https:\/\/vind-ag.com.br\/wp-content\/uploads\/2022\/02\/impressa.jpg\" class=\"attachment-large size-large wp-image-2349\" alt=\"\" srcset=\"https:\/\/vind-ag.com.br\/wp-content\/uploads\/2022\/02\/impressa.jpg 276w, https:\/\/vind-ag.com.br\/wp-content\/uploads\/2022\/02\/impressa-150x150.jpg 150w, https:\/\/vind-ag.com.br\/wp-content\/uploads\/2022\/02\/impressa-180x180.jpg 180w, https:\/\/vind-ag.com.br\/wp-content\/uploads\/2022\/02\/impressa-120x120.jpg 120w\" sizes=\"auto, (max-width: 276px) 100vw, 276px\" \/>\t\t\t\t\t\t\t\t<\/a>\n\t\t\t\t\t\t\t\t\t\t\t\t\t\t<\/div>\n\t\t\t\t\t\t<\/div>\n\t\t\t\t<\/div>\n\t\t\t\t\t\t<\/div>\n\t\t\t\t\t<\/div>\n\t\t<\/div>\n\t\t\t\t<div class=\"elementor-column elementor-col-50 elementor-inner-column elementor-element elementor-element-cdd742e\" data-id=\"cdd742e\" data-element_type=\"column\">\n\t\t\t<div class=\"elementor-column-wrap elementor-element-populated\">\n\t\t\t\t\t\t\t<div class=\"elementor-widget-wrap\">\n\t\t\t\t\t\t<div class=\"elementor-element elementor-element-1218afe elementor-widget elementor-widget-heading\" data-id=\"1218afe\" data-element_type=\"widget\" data-widget_type=\"heading.default\">\n\t\t\t\t<div class=\"elementor-widget-container\">\n\t\t\t<h3 class=\"elementor-heading-title elementor-size-default\">Medios<br>\nimpreso<br>\ny Digitales<\/h3>\t\t<\/div>\n\t\t\t\t<\/div>\n\t\t\t\t<div class=\"elementor-element elementor-element-7843b06 saiba-mais elementor-widget__width-auto elementor-widget elementor-widget-heading\" data-id=\"7843b06\" data-element_type=\"widget\" data-widget_type=\"heading.default\">\n\t\t\t\t<div class=\"elementor-widget-container\">\n\t\t\t<div class=\"elementor-heading-title elementor-size-default\"><a href=\"https:\/\/vind-ag.com.br\/na-midia-midia-impressa-digital\/\">vea<\/a><\/div>\t\t<\/div>\n\t\t\t\t<\/div>\n\t\t\t\t\t\t<\/div>\n\t\t\t\t\t<\/div>\n\t\t<\/div>\n\t\t\t\t\t\t\t\t<\/div>\n\t\t\t\t\t<\/div>\n\t\t<\/section>\n\t\t\t\t\t\t<\/div>\n\t\t\t\t\t<\/div>\n\t\t<\/div>\n\t\t\t\t<div class=\"elementor-column elementor-col-50 elementor-top-column elementor-element elementor-element-02c7c24\" data-id=\"02c7c24\" data-element_type=\"column\">\n\t\t\t<div class=\"elementor-column-wrap elementor-element-populated\">\n\t\t\t\t\t\t\t<div class=\"elementor-widget-wrap\">\n\t\t\t\t\t\t<section class=\"elementor-section elementor-inner-section elementor-element elementor-element-43660a6 elementor-section-full_width elementor-section-height-default elementor-section-height-default\" data-id=\"43660a6\" data-element_type=\"section\">\n\t\t\t\t\t\t\t<div class=\"elementor-background-overlay\"><\/div>\n\t\t\t\t\t\t\t<div class=\"elementor-container elementor-column-gap-no\">\n\t\t\t\t\t\t\t<div class=\"elementor-row\">\n\t\t\t\t\t<div class=\"elementor-column elementor-col-50 elementor-inner-column elementor-element elementor-element-63e9b21\" data-id=\"63e9b21\" data-element_type=\"column\">\n\t\t\t<div class=\"elementor-column-wrap elementor-element-populated\">\n\t\t\t\t\t\t\t<div class=\"elementor-widget-wrap\">\n\t\t\t\t\t\t<div class=\"elementor-element elementor-element-8007474 elementor-widget elementor-widget-image\" data-id=\"8007474\" data-element_type=\"widget\" data-widget_type=\"image.default\">\n\t\t\t\t<div class=\"elementor-widget-container\">\n\t\t\t\t\t\t\t\t<div class=\"elementor-image\">\n\t\t\t\t\t\t\t\t\t\t\t\t\t<a href=\"https:\/\/vind-ag.com.br\/na-midia-midia-eletronica\/\">\n\t\t\t\t\t\t\t<img loading=\"lazy\" decoding=\"async\" width=\"276\" height=\"276\" src=\"https:\/\/vind-ag.com.br\/wp-content\/uploads\/2022\/02\/eletronica.jpg\" class=\"attachment-large size-large wp-image-2353\" alt=\"\" srcset=\"https:\/\/vind-ag.com.br\/wp-content\/uploads\/2022\/02\/eletronica.jpg 276w, https:\/\/vind-ag.com.br\/wp-content\/uploads\/2022\/02\/eletronica-150x150.jpg 150w, https:\/\/vind-ag.com.br\/wp-content\/uploads\/2022\/02\/eletronica-180x180.jpg 180w, https:\/\/vind-ag.com.br\/wp-content\/uploads\/2022\/02\/eletronica-120x120.jpg 120w\" sizes=\"auto, (max-width: 276px) 100vw, 276px\" \/>\t\t\t\t\t\t\t\t<\/a>\n\t\t\t\t\t\t\t\t\t\t\t\t\t\t<\/div>\n\t\t\t\t\t\t<\/div>\n\t\t\t\t<\/div>\n\t\t\t\t\t\t<\/div>\n\t\t\t\t\t<\/div>\n\t\t<\/div>\n\t\t\t\t<div class=\"elementor-column elementor-col-50 elementor-inner-column elementor-element elementor-element-f57cdc2\" data-id=\"f57cdc2\" data-element_type=\"column\">\n\t\t\t<div class=\"elementor-column-wrap elementor-element-populated\">\n\t\t\t\t\t\t\t<div class=\"elementor-widget-wrap\">\n\t\t\t\t\t\t<div class=\"elementor-element elementor-element-3729f68 elementor-widget elementor-widget-heading\" data-id=\"3729f68\" data-element_type=\"widget\" data-widget_type=\"heading.default\">\n\t\t\t\t<div class=\"elementor-widget-container\">\n\t\t\t<h3 class=\"elementor-heading-title elementor-size-default\">Medios<br>\nelectr\u00f3nica<\/h3>\t\t<\/div>\n\t\t\t\t<\/div>\n\t\t\t\t<div class=\"elementor-element elementor-element-530a592 saiba-mais elementor-widget__width-auto elementor-widget elementor-widget-heading\" data-id=\"530a592\" data-element_type=\"widget\" data-widget_type=\"heading.default\">\n\t\t\t\t<div class=\"elementor-widget-container\">\n\t\t\t<div class=\"elementor-heading-title elementor-size-default\"><a href=\"https:\/\/vind-ag.com.br\/na-midia-midia-eletronica\/\">vea<\/a><\/div>\t\t<\/div>\n\t\t\t\t<\/div>\n\t\t\t\t\t\t<\/div>\n\t\t\t\t\t<\/div>\n\t\t<\/div>\n\t\t\t\t\t\t\t\t<\/div>\n\t\t\t\t\t<\/div>\n\t\t<\/section>\n\t\t\t\t\t\t<\/div>\n\t\t\t\t\t<\/div>\n\t\t<\/div>\n\t\t\t\t\t\t\t\t<\/div>\n\t\t\t\t\t<\/div>\n\t\t<\/section>\n\t\t\t\t<section class=\"elementor-section elementor-top-section elementor-element elementor-element-63c84cd elementor-section-boxed elementor-section-height-default elementor-section-height-default\" data-id=\"63c84cd\" data-element_type=\"section\" id=\"prensa\">\n\t\t\t\t\t\t<div class=\"elementor-container elementor-column-gap-default\">\n\t\t\t\t\t\t\t<div class=\"elementor-row\">\n\t\t\t\t\t<div class=\"elementor-column elementor-col-100 elementor-top-column elementor-element elementor-element-cd1f61a\" data-id=\"cd1f61a\" data-element_type=\"column\">\n\t\t\t<div class=\"elementor-column-wrap elementor-element-populated\">\n\t\t\t\t\t\t\t<div class=\"elementor-widget-wrap\">\n\t\t\t\t\t\t<div class=\"elementor-element elementor-element-4fc3b9c elementor-widget elementor-widget-heading\" data-id=\"4fc3b9c\" data-element_type=\"widget\" data-widget_type=\"heading.default\">\n\t\t\t\t<div class=\"elementor-widget-container\">\n\t\t\t<h2 class=\"elementor-heading-title elementor-size-default\">Prensa<\/h2>\t\t<\/div>\n\t\t\t\t<\/div>\n\t\t\t\t<div class=\"elementor-element elementor-element-3e21037 elementor-widget elementor-widget-text-editor\" data-id=\"3e21037\" data-element_type=\"widget\" data-widget_type=\"text-editor.default\">\n\t\t\t\t<div class=\"elementor-widget-container\">\n\t\t\t\t\t\t\t\t<div class=\"elementor-text-editor elementor-clearfix\">\n\t\t\t\t<p>Si eres un profesional de la prensa y quieres saber m\u00e1s sobre los aerogeneradores Vind Wind, ponte en contacto con nuestra oficina de prensa:<\/p>\t\t\t\t\t<\/div>\n\t\t\t\t\t\t<\/div>\n\t\t\t\t<\/div>\n\t\t\t\t<div class=\"elementor-element elementor-element-e2e64c0 elementor-widget elementor-widget-text-editor\" data-id=\"e2e64c0\" data-element_type=\"widget\" data-widget_type=\"text-editor.default\">\n\t\t\t\t<div class=\"elementor-widget-container\">\n\t\t\t\t\t\t\t\t<div class=\"elementor-text-editor elementor-clearfix\">\n\t\t\t\t<p><strong>Comunicaci\u00f3n Estrat\u00e9gica Baruco<\/strong><br>WhatsApp: <a href=\"tel:011993225652\">(11) 99322-5652<\/a><br>E-mail: <a href=\"mailto:info@baruco.com.br\">info@baruco.com.br<\/a><\/p>\n\t\t\t\t\t<\/div>\n\t\t\t\t\t\t<\/div>\n\t\t\t\t<\/div>\n\t\t\t\t\t\t<\/div>\n\t\t\t\t\t<\/div>\n\t\t<\/div>\n\t\t\t\t\t\t\t\t<\/div>\n\t\t\t\t\t<\/div>\n\t\t<\/section>\n\t\t\t\t\t\t\t\t\t<\/div>\n\t\t\t<\/div>\n\t\t\t\t\t<\/div>\n\t\t","protected":false},"excerpt":{"rendered":"<p>Prensa \/ En los Medios En los medios Consulte los registros sobre aerogeneradores Vind Wind realizados por la prensa. Medios impreso y Digitales vea Medios electr\u00f3nica vea Prensa Si eres un profesional de la prensa y quieres saber m\u00e1s sobre los aerogeneradores Vind Wind, ponte en contacto con nuestra oficina de prensa: Comunicaci\u00f3n Estrat\u00e9gica BarucoWhatsApp: [&hellip;]<\/p>\n","protected":false},"author":1,"featured_media":0,"parent":0,"menu_order":0,"comment_status":"closed","ping_status":"closed","template":"","meta":{"footnotes":""},"class_list":["post-3638","page","type-page","status-publish","hentry"],"yoast_head":"<!-- This site is optimized with the Yoast SEO plugin v20.1 - https:\/\/yoast.com\/wordpress\/plugins\/seo\/ -->\n<title>Prensa \/ En los Medios - Vind<\/title>\n<meta name=\"robots\" content=\"index, follow, max-snippet:-1, max-image-preview:large, max-video-preview:-1\" \/>\n<link rel=\"canonical\" href=\"https:\/\/vind-ag.com.br\/es\/prensa-en-los-medios\/\" \/>\n<meta property=\"og:locale\" content=\"es_ES\" \/>\n<meta property=\"og:type\" content=\"article\" \/>\n<meta property=\"og:title\" content=\"Prensa \/ En los Medios - Vind\" \/>\n<meta property=\"og:description\" content=\"Prensa \/ En los Medios En los medios Consulte los registros sobre aerogeneradores Vind Wind realizados por la prensa. Medios impreso y Digitales vea Medios electr\u00f3nica vea Prensa Si eres un profesional de la prensa y quieres saber m\u00e1s sobre los aerogeneradores Vind Wind, ponte en contacto con nuestra oficina de prensa: Comunicaci\u00f3n Estrat\u00e9gica BarucoWhatsApp: [&hellip;]\" \/>\n<meta property=\"og:url\" content=\"https:\/\/vind-ag.com.br\/es\/prensa-en-los-medios\/\" \/>\n<meta property=\"og:site_name\" content=\"Vind\" \/>\n<meta property=\"article:modified_time\" content=\"2022-10-07T15:52:16+00:00\" \/>\n<meta property=\"og:image\" content=\"https:\/\/vind-ag.com.br\/wp-content\/uploads\/2022\/02\/impressa.jpg\" \/>\n<meta name=\"twitter:card\" content=\"summary_large_image\" \/>\n<script type=\"application\/ld+json\" class=\"yoast-schema-graph\">{\"@context\":\"https:\/\/schema.org\",\"@graph\":[{\"@type\":\"WebPage\",\"@id\":\"https:\/\/vind-ag.com.br\/es\/prensa-en-los-medios\/\",\"url\":\"https:\/\/vind-ag.com.br\/es\/prensa-en-los-medios\/\",\"name\":\"Prensa \/ En los Medios - Vind\",\"isPartOf\":{\"@id\":\"https:\/\/vind-ag.com.br\/#website\"},\"datePublished\":\"2022-02-08T17:54:03+00:00\",\"dateModified\":\"2022-10-07T15:52:16+00:00\",\"breadcrumb\":{\"@id\":\"https:\/\/vind-ag.com.br\/es\/prensa-en-los-medios\/#breadcrumb\"},\"inLanguage\":\"es\",\"potentialAction\":[{\"@type\":\"ReadAction\",\"target\":[\"https:\/\/vind-ag.com.br\/es\/prensa-en-los-medios\/\"]}]},{\"@type\":\"BreadcrumbList\",\"@id\":\"https:\/\/vind-ag.com.br\/es\/prensa-en-los-medios\/#breadcrumb\",\"itemListElement\":[{\"@type\":\"ListItem\",\"position\":1,\"name\":\"In\u00edcio\",\"item\":\"https:\/\/vind-ag.com.br\/es\/\"},{\"@type\":\"ListItem\",\"position\":2,\"name\":\"Prensa \/ En los Medios\"}]},{\"@type\":\"WebSite\",\"@id\":\"https:\/\/vind-ag.com.br\/#website\",\"url\":\"https:\/\/vind-ag.com.br\/\",\"name\":\"Vind\",\"description\":\"Energia limpa com tecnologia de avi\u00e3o\",\"publisher\":{\"@id\":\"https:\/\/vind-ag.com.br\/#organization\"},\"potentialAction\":[{\"@type\":\"SearchAction\",\"target\":{\"@type\":\"EntryPoint\",\"urlTemplate\":\"https:\/\/vind-ag.com.br\/?s={search_term_string}\"},\"query-input\":\"required name=search_term_string\"}],\"inLanguage\":\"es\"},{\"@type\":\"Organization\",\"@id\":\"https:\/\/vind-ag.com.br\/#organization\",\"name\":\"Vind\",\"url\":\"https:\/\/vind-ag.com.br\/\",\"logo\":{\"@type\":\"ImageObject\",\"inLanguage\":\"es\",\"@id\":\"https:\/\/vind-ag.com.br\/#\/schema\/logo\/image\/\",\"url\":\"https:\/\/vind-ag.com.br\/wp-content\/uploads\/2022\/02\/logo.png\",\"contentUrl\":\"https:\/\/vind-ag.com.br\/wp-content\/uploads\/2022\/02\/logo.png\",\"width\":101,\"height\":66,\"caption\":\"Vind\"},\"image\":{\"@id\":\"https:\/\/vind-ag.com.br\/#\/schema\/logo\/image\/\"}}]}<\/script>\n<!-- \/ Yoast SEO plugin. -->","yoast_head_json":{"title":"Prensa \/ En los Medios - Vind","robots":{"index":"index","follow":"follow","max-snippet":"max-snippet:-1","max-image-preview":"max-image-preview:large","max-video-preview":"max-video-preview:-1"},"canonical":"https:\/\/vind-ag.com.br\/es\/prensa-en-los-medios\/","og_locale":"es_ES","og_type":"article","og_title":"Prensa \/ En los Medios - Vind","og_description":"Prensa \/ En los Medios En los medios Consulte los registros sobre aerogeneradores Vind Wind realizados por la prensa. Medios impreso y Digitales vea Medios electr\u00f3nica vea Prensa Si eres un profesional de la prensa y quieres saber m\u00e1s sobre los aerogeneradores Vind Wind, ponte en contacto con nuestra oficina de prensa: Comunicaci\u00f3n Estrat\u00e9gica BarucoWhatsApp: [&hellip;]","og_url":"https:\/\/vind-ag.com.br\/es\/prensa-en-los-medios\/","og_site_name":"Vind","article_modified_time":"2022-10-07T15:52:16+00:00","og_image":[{"url":"https:\/\/vind-ag.com.br\/wp-content\/uploads\/2022\/02\/impressa.jpg"}],"twitter_card":"summary_large_image","schema":{"@context":"https:\/\/schema.org","@graph":[{"@type":"WebPage","@id":"https:\/\/vind-ag.com.br\/es\/prensa-en-los-medios\/","url":"https:\/\/vind-ag.com.br\/es\/prensa-en-los-medios\/","name":"Prensa \/ En los Medios - Vind","isPartOf":{"@id":"https:\/\/vind-ag.com.br\/#website"},"datePublished":"2022-02-08T17:54:03+00:00","dateModified":"2022-10-07T15:52:16+00:00","breadcrumb":{"@id":"https:\/\/vind-ag.com.br\/es\/prensa-en-los-medios\/#breadcrumb"},"inLanguage":"es","potentialAction":[{"@type":"ReadAction","target":["https:\/\/vind-ag.com.br\/es\/prensa-en-los-medios\/"]}]},{"@type":"BreadcrumbList","@id":"https:\/\/vind-ag.com.br\/es\/prensa-en-los-medios\/#breadcrumb","itemListElement":[{"@type":"ListItem","position":1,"name":"In\u00edcio","item":"https:\/\/vind-ag.com.br\/es\/"},{"@type":"ListItem","position":2,"name":"Prensa \/ En los Medios"}]},{"@type":"WebSite","@id":"https:\/\/vind-ag.com.br\/#website","url":"https:\/\/vind-ag.com.br\/","name":"Vind","description":"Energia limpa com tecnologia de avi\u00e3o","publisher":{"@id":"https:\/\/vind-ag.com.br\/#organization"},"potentialAction":[{"@type":"SearchAction","target":{"@type":"EntryPoint","urlTemplate":"https:\/\/vind-ag.com.br\/?s={search_term_string}"},"query-input":"required name=search_term_string"}],"inLanguage":"es"},{"@type":"Organization","@id":"https:\/\/vind-ag.com.br\/#organization","name":"Vind","url":"https:\/\/vind-ag.com.br\/","logo":{"@type":"ImageObject","inLanguage":"es","@id":"https:\/\/vind-ag.com.br\/#\/schema\/logo\/image\/","url":"https:\/\/vind-ag.com.br\/wp-content\/uploads\/2022\/02\/logo.png","contentUrl":"https:\/\/vind-ag.com.br\/wp-content\/uploads\/2022\/02\/logo.png","width":101,"height":66,"caption":"Vind"},"image":{"@id":"https:\/\/vind-ag.com.br\/#\/schema\/logo\/image\/"}}]}},"_links":{"self":[{"href":"https:\/\/vind-ag.com.br\/es\/wp-json\/wp\/v2\/pages\/3638","targetHints":{"allow":["GET"]}}],"collection":[{"href":"https:\/\/vind-ag.com.br\/es\/wp-json\/wp\/v2\/pages"}],"about":[{"href":"https:\/\/vind-ag.com.br\/es\/wp-json\/wp\/v2\/types\/page"}],"author":[{"embeddable":true,"href":"https:\/\/vind-ag.com.br\/es\/wp-json\/wp\/v2\/users\/1"}],"replies":[{"embeddable":true,"href":"https:\/\/vind-ag.com.br\/es\/wp-json\/wp\/v2\/comments?post=3638"}],"version-history":[{"count":7,"href":"https:\/\/vind-ag.com.br\/es\/wp-json\/wp\/v2\/pages\/3638\/revisions"}],"predecessor-version":[{"id":3695,"href":"https:\/\/vind-ag.com.br\/es\/wp-json\/wp\/v2\/pages\/3638\/revisions\/3695"}],"wp:attachment":[{"href":"https:\/\/vind-ag.com.br\/es\/wp-json\/wp\/v2\/media?parent=3638"}],"curies":[{"name":"wp","href":"https:\/\/api.w.org\/{rel}","templated":true}]}}